{"id":58,"date":"2023-07-20T08:36:20","date_gmt":"2023-07-20T08:36:20","guid":{"rendered":"https:\/\/ptsm-mossbauer.us.edu.pl\/?page_id=58"},"modified":"2023-07-30T16:37:39","modified_gmt":"2023-07-30T16:37:39","slug":"czlonkowie","status":"publish","type":"page","link":"https:\/\/ptsm-mossbauer.us.edu.pl\/index.php\/czlonkowie\/","title":{"rendered":"Cz\u0142onkowie"},"content":{"rendered":"\n<ol class=\"wp-block-list\">\n<li>Artur B\u0142achowski<\/li>\n\n\n\n<li>Katarzyna Brz\u00f3zka<\/li>\n\n\n\n<li>Jan Chojcan<\/li>\n\n\n\n<li>Micha\u0142 Gawro\u0144ski<\/li>\n\n\n\n<li>Agnieszka Grabias<\/li>\n\n\n\n<li>Aneta Hanc-Kuczkowska<\/li>\n\n\n\n<li>El\u017cbieta Jartych<\/li>\n\n\n\n<li>Mariola K\u0105dzio\u0142ka-Gawe\u0142<\/li>\n\n\n\n<li>Kamila Kom\u0119dera<\/li>\n\n\n\n<li>Kazimierz \u0141\u0105tka<\/li>\n\n\n\n<li>Dariusz Malczewski<\/li>\n\n\n\n<li>Tomasz Pikula<\/li>\n\n\n\n<li>Krzysztof Ruebenbauer<\/li>\n\n\n\n<li>Karolina Siedliska<\/li>\n\n\n\n<li>Tadeusz Szumiata<\/li>\n<\/ol>\n","protected":false},"excerpt":{"rendered":"","protected":false},"author":1,"featured_media":0,"parent":0,"menu_order":0,"comment_status":"closed","ping_status":"closed","template":"","meta":{"site-sidebar-layout":"default","site-content-layout":"","ast-site-content-layout":"default","site-content-style":"default","site-sidebar-style":"default","ast-global-header-display":"","ast-banner-title-visibility":"","ast-main-header-display":"","ast-hfb-above-header-display":"","ast-hfb-below-header-display":"","ast-hfb-mobile-header-display":"","site-post-title":"","ast-breadcrumbs-content":"","ast-featured-img":"","footer-sml-layout":"","ast-disable-related-posts":"","theme-transparent-header-meta":"","adv-header-id-meta":"","stick-header-meta":"","header-above-stick-meta":"","header-main-stick-meta":"","header-below-stick-meta":"","astra-migrate-meta-layouts":"default","ast-page-background-enabled":"default","ast-page-background-meta":{"desktop":{"background-color":"var(--ast-global-color-4)","background-image":"","background-repeat":"repeat","background-position":"center center","background-size":"auto","background-attachment":"scroll","background-type":"","background-media":"","overlay-type":"","overlay-color":"","overlay-opacity":"","overlay-gradient":""},"tablet":{"background-color":"","background-image":"","background-repeat":"repeat","background-position":"center center","background-size":"auto","background-attachment":"scroll","background-type":"","background-media":"","overlay-type":"","overlay-color":"","overlay-opacity":"","overlay-gradient":""},"mobile":{"background-color":"","background-image":"","background-repeat":"repeat","background-position":"center center","background-size":"auto","background-attachment":"scroll","background-type":"","background-media":"","overlay-type":"","overlay-color":"","overlay-opacity":"","overlay-gradient":""}},"ast-content-background-meta":{"desktop":{"background-color":"var(--ast-global-color-5)","background-image":"","background-repeat":"repeat","background-position":"center center","background-size":"auto","background-attachment":"scroll","background-type":"","background-media":"","overlay-type":"","overlay-color":"","overlay-opacity":"","overlay-gradient":""},"tablet":{"background-color":"var(--ast-global-color-5)","background-image":"","background-repeat":"repeat","background-position":"center center","background-size":"auto","background-attachment":"scroll","background-type":"","background-media":"","overlay-type":"","overlay-color":"","overlay-opacity":"","overlay-gradient":""},"mobile":{"background-color":"var(--ast-global-color-5)","background-image":"","background-repeat":"repeat","background-position":"center center","background-size":"auto","background-attachment":"scroll","background-type":"","background-media":"","overlay-type":"","overlay-color":"","overlay-opacity":"","overlay-gradient":""}},"footnotes":""},"class_list":["post-58","page","type-page","status-publish","hentry"],"_links":{"self":[{"href":"https:\/\/ptsm-mossbauer.us.edu.pl\/index.php\/wp-json\/wp\/v2\/pages\/58","targetHints":{"allow":["GET"]}}],"collection":[{"href":"https:\/\/ptsm-mossbauer.us.edu.pl\/index.php\/wp-json\/wp\/v2\/pages"}],"about":[{"href":"https:\/\/ptsm-mossbauer.us.edu.pl\/index.php\/wp-json\/wp\/v2\/types\/page"}],"author":[{"embeddable":true,"href":"https:\/\/ptsm-mossbauer.us.edu.pl\/index.php\/wp-json\/wp\/v2\/users\/1"}],"replies":[{"embeddable":true,"href":"https:\/\/ptsm-mossbauer.us.edu.pl\/index.php\/wp-json\/wp\/v2\/comments?post=58"}],"version-history":[{"count":2,"href":"https:\/\/ptsm-mossbauer.us.edu.pl\/index.php\/wp-json\/wp\/v2\/pages\/58\/revisions"}],"predecessor-version":[{"id":90,"href":"https:\/\/ptsm-mossbauer.us.edu.pl\/index.php\/wp-json\/wp\/v2\/pages\/58\/revisions\/90"}],"wp:attachment":[{"href":"https:\/\/ptsm-mossbauer.us.edu.pl\/index.php\/wp-json\/wp\/v2\/media?parent=58"}],"curies":[{"name":"wp","href":"https:\/\/api.w.org\/{rel}","templated":true}]}}