{"id":99,"date":"2023-07-30T17:06:45","date_gmt":"2023-07-30T17:06:45","guid":{"rendered":"https:\/\/ptsm-mossbauer.us.edu.pl\/?page_id=99"},"modified":"2023-07-30T17:13:46","modified_gmt":"2023-07-30T17:13:46","slug":"zgloszenia-czlonkostwa","status":"publish","type":"page","link":"https:\/\/ptsm-mossbauer.us.edu.pl\/index.php\/zgloszenia-czlonkostwa\/","title":{"rendered":"Zg\u0142oszenia cz\u0142onkostwa"},"content":{"rendered":"\n<p><strong><em>Formularz zg\u0142oszenia do PTSM<\/em><\/strong><\/p>\n\n\n\n<p><em>nale\u017cy przes\u0142a\u0107 jako za\u0142\u0105cznik&nbsp;<\/em><em>poczt\u0105 elektroniczn\u0105<\/em><\/p>\n\n\n\n<p><em>na adres mailowy Sekretarza Zarz\u0105du PTSM <\/em><\/p>\n\n\n\n<p><em>dr&nbsp;hab.&nbsp;Jana&nbsp;Chojcana&nbsp;<a href=\"mailto:chojcan@ifd.uni.wroc.pl\">chojcan@ifd.uni.wroc.pl<\/a><\/em><\/p>\n\n\n\n<p><strong><em>Formularz zg\u0142oszeniowy<\/em><\/strong>:<\/p>\n\n\n\n<div class=\"wp-block-buttons is-layout-flex wp-block-buttons-is-layout-flex\">\n<div class=\"wp-block-button\"><a class=\"wp-block-button__link wp-element-button\" href=\"https:\/\/ptsm-mossbauer.us.edu.pl\/wp-content\/uploads\/2023\/07\/formularz-zgloszeniowy.pdf\" target=\"_blank\" rel=\"noreferrer noopener\">format .pdf<\/a><\/div>\n\n\n\n<div class=\"wp-block-button\"><a class=\"wp-block-button__link wp-element-button\" href=\"https:\/\/ptsm-mossbauer.us.edu.pl\/wp-content\/uploads\/2023\/07\/formularz-zgloszeniowy.doc\" target=\"_blank\" rel=\"noreferrer noopener\">format .doc<\/a><\/div>\n<\/div>\n","protected":false},"excerpt":{"rendered":"<p>Formularz zg\u0142oszenia do PTSM nale\u017cy przes\u0142a\u0107 jako za\u0142\u0105cznik&nbsp;poczt\u0105 elektroniczn\u0105 na adres mailowy Sekretarza Zarz\u0105du PTSM dr&nbsp;hab.&nbsp;Jana&nbsp;Chojcana&nbsp;chojcan@ifd.uni.wroc.pl Formularz zg\u0142oszeniowy:<\/p>\n","protected":false},"author":1,"featured_media":0,"parent":0,"menu_order":0,"comment_status":"closed","ping_status":"closed","template":"","meta":{"site-sidebar-layout":"default","site-content-layout":"","ast-site-content-layout":"default","site-content-style":"default","site-sidebar-style":"default","ast-global-header-display":"","ast-banner-title-visibility":"","ast-main-header-display":"","ast-hfb-above-header-display":"","ast-hfb-below-header-display":"","ast-hfb-mobile-header-display":"","site-post-title":"","ast-breadcrumbs-content":"","ast-featured-img":"","footer-sml-layout":"","ast-disable-related-posts":"","theme-transparent-header-meta":"","adv-header-id-meta":"","stick-header-meta":"","header-above-stick-meta":"","header-main-stick-meta":"","header-below-stick-meta":"","astra-migrate-meta-layouts":"default","ast-page-background-enabled":"default","ast-page-background-meta":{"desktop":{"background-color":"var(--ast-global-color-4)","background-image":"","background-repeat":"repeat","background-position":"center center","background-size":"auto","background-attachment":"scroll","background-type":"","background-media":"","overlay-type":"","overlay-color":"","overlay-opacity":"","overlay-gradient":""},"tablet":{"background-color":"","background-image":"","background-repeat":"repeat","background-position":"center center","background-size":"auto","background-attachment":"scroll","background-type":"","background-media":"","overlay-type":"","overlay-color":"","overlay-opacity":"","overlay-gradient":""},"mobile":{"background-color":"","background-image":"","background-repeat":"repeat","background-position":"center center","background-size":"auto","background-attachment":"scroll","background-type":"","background-media":"","overlay-type":"","overlay-color":"","overlay-opacity":"","overlay-gradient":""}},"ast-content-background-meta":{"desktop":{"background-color":"var(--ast-global-color-5)","background-image":"","background-repeat":"repeat","background-position":"center center","background-size":"auto","background-attachment":"scroll","background-type":"","background-media":"","overlay-type":"","overlay-color":"","overlay-opacity":"","overlay-gradient":""},"tablet":{"background-color":"var(--ast-global-color-5)","background-image":"","background-repeat":"repeat","background-position":"center center","background-size":"auto","background-attachment":"scroll","background-type":"","background-media":"","overlay-type":"","overlay-color":"","overlay-opacity":"","overlay-gradient":""},"mobile":{"background-color":"var(--ast-global-color-5)","background-image":"","background-repeat":"repeat","background-position":"center center","background-size":"auto","background-attachment":"scroll","background-type":"","background-media":"","overlay-type":"","overlay-color":"","overlay-opacity":"","overlay-gradient":""}},"footnotes":""},"class_list":["post-99","page","type-page","status-publish","hentry"],"_links":{"self":[{"href":"https:\/\/ptsm-mossbauer.us.edu.pl\/index.php\/wp-json\/wp\/v2\/pages\/99","targetHints":{"allow":["GET"]}}],"collection":[{"href":"https:\/\/ptsm-mossbauer.us.edu.pl\/index.php\/wp-json\/wp\/v2\/pages"}],"about":[{"href":"https:\/\/ptsm-mossbauer.us.edu.pl\/index.php\/wp-json\/wp\/v2\/types\/page"}],"author":[{"embeddable":true,"href":"https:\/\/ptsm-mossbauer.us.edu.pl\/index.php\/wp-json\/wp\/v2\/users\/1"}],"replies":[{"embeddable":true,"href":"https:\/\/ptsm-mossbauer.us.edu.pl\/index.php\/wp-json\/wp\/v2\/comments?post=99"}],"version-history":[{"count":3,"href":"https:\/\/ptsm-mossbauer.us.edu.pl\/index.php\/wp-json\/wp\/v2\/pages\/99\/revisions"}],"predecessor-version":[{"id":105,"href":"https:\/\/ptsm-mossbauer.us.edu.pl\/index.php\/wp-json\/wp\/v2\/pages\/99\/revisions\/105"}],"wp:attachment":[{"href":"https:\/\/ptsm-mossbauer.us.edu.pl\/index.php\/wp-json\/wp\/v2\/media?parent=99"}],"curies":[{"name":"wp","href":"https:\/\/api.w.org\/{rel}","templated":true}]}}